{"id":22596,"date":"2024-01-18T14:23:01","date_gmt":"2024-01-18T20:23:01","guid":{"rendered":"https:\/\/newpublica.net\/companero\/"},"modified":"2024-03-13T18:38:51","modified_gmt":"2024-03-13T23:38:51","slug":"companero","status":"publish","type":"page","link":"https:\/\/copalmn.org\/es\/afiliarse\/companero\/","title":{"rendered":"Compa\u00f1ero"},"content":{"rendered":"\t\t<div data-elementor-type=\"wp-page\" data-elementor-id=\"22596\" class=\"elementor elementor-22596 elementor-22102\" data-elementor-post-type=\"page\">\n\t\t\t\t\t\t<section class=\"elementor-section elementor-top-section elementor-element elementor-element-8f5a2e2 elementor-section-boxed elementor-section-height-default elementor-section-height-default\" data-id=\"8f5a2e2\" data-element_type=\"section\" data-e-type=\"section\" data-settings=\"{&quot;background_background&quot;:&quot;classic&quot;}\">\n\t\t\t\t\t\t\t<div class=\"elementor-background-overlay\"><\/div>\n\t\t\t\t\t\t\t<div class=\"elementor-container elementor-column-gap-no\">\n\t\t\t\t\t<div class=\"elementor-column elementor-col-50 elementor-top-column elementor-element elementor-element-57ed895\" data-id=\"57ed895\" data-element_type=\"column\" data-e-type=\"column\">\n\t\t\t<div class=\"elementor-widget-wrap elementor-element-populated\">\n\t\t\t\t\t\t<div class=\"elementor-element elementor-element-01d013b elementor-widget elementor-widget-heading\" data-id=\"01d013b\" data-element_type=\"widget\" data-e-type=\"widget\" data-widget_type=\"heading.default\">\n\t\t\t\t<div class=\"elementor-widget-container\">\n\t\t\t\t\t<h1 class=\"elementor-heading-title elementor-size-default\">\u00danase como Compa\u00f1ero<\/h1>\t\t\t\t<\/div>\n\t\t\t\t<\/div>\n\t\t\t\t<div class=\"elementor-element elementor-element-72a64e4 elementor-icon-list--layout-inline elementor-align-end elementor-widget__width-auto elementor-mobile-align-center elementor-hidden-mobile elementor-list-item-link-full_width elementor-widget elementor-widget-icon-list\" data-id=\"72a64e4\" data-element_type=\"widget\" data-e-type=\"widget\" data-widget_type=\"icon-list.default\">\n\t\t\t\t<div class=\"elementor-widget-container\">\n\t\t\t\t\t\t\t<ul class=\"elementor-icon-list-items elementor-inline-items\">\n\t\t\t\t\t\t\t<li class=\"elementor-icon-list-item elementor-inline-item\">\n\t\t\t\t\t\t\t\t\t\t\t<a href=\"https:\/\/copalmn.org\/es\/\">\n\n\t\t\t\t\t\t\t\t\t\t\t\t<span class=\"elementor-icon-list-icon\">\n\t\t\t\t\t\t\t<i aria-hidden=\"true\" class=\"icon icon-right-arrow1\"><\/i>\t\t\t\t\t\t<\/span>\n\t\t\t\t\t\t\t\t\t\t<span class=\"elementor-icon-list-text\">Inicio  <\/span>\n\t\t\t\t\t\t\t\t\t\t\t<\/a>\n\t\t\t\t\t\t\t\t\t<\/li>\n\t\t\t\t\t\t\t\t<li class=\"elementor-icon-list-item elementor-inline-item\">\n\t\t\t\t\t\t\t\t\t\t\t<a href=\"https:\/\/copalmn.org\/es\/afiliarse\/\">\n\n\t\t\t\t\t\t\t\t\t\t\t\t<span class=\"elementor-icon-list-icon\">\n\t\t\t\t\t\t\t<i aria-hidden=\"true\" class=\"icon icon-right-arrow1\"><\/i>\t\t\t\t\t\t<\/span>\n\t\t\t\t\t\t\t\t\t\t<span class=\"elementor-icon-list-text\">Afiliarse<\/span>\n\t\t\t\t\t\t\t\t\t\t\t<\/a>\n\t\t\t\t\t\t\t\t\t<\/li>\n\t\t\t\t\t\t\t\t<li class=\"elementor-icon-list-item elementor-inline-item\">\n\t\t\t\t\t\t\t\t\t\t\t<a href=\"https:\/\/copalmn.org\/es\/afiliarse\/companero\/\">\n\n\t\t\t\t\t\t\t\t\t\t\t\t<span class=\"elementor-icon-list-icon\">\n\t\t\t\t\t\t\t<i aria-hidden=\"true\" class=\"icon icon-right-arrow1\"><\/i>\t\t\t\t\t\t<\/span>\n\t\t\t\t\t\t\t\t\t\t<span class=\"elementor-icon-list-text\">Compa\u00f1ero<\/span>\n\t\t\t\t\t\t\t\t\t\t\t<\/a>\n\t\t\t\t\t\t\t\t\t<\/li>\n\t\t\t\t\t\t<\/ul>\n\t\t\t\t\t\t<\/div>\n\t\t\t\t<\/div>\n\t\t\t\t\t<\/div>\n\t\t<\/div>\n\t\t\t\t<div class=\"elementor-column elementor-col-50 elementor-top-column elementor-element elementor-element-accd1db\" data-id=\"accd1db\" data-element_type=\"column\" data-e-type=\"column\">\n\t\t\t<div class=\"elementor-widget-wrap\">\n\t\t\t\t\t\t\t<\/div>\n\t\t<\/div>\n\t\t\t\t\t<\/div>\n\t\t<\/section>\n\t\t<div class=\"elementor-element elementor-element-cc4e4ca e-flex e-con-boxed e-con e-parent\" data-id=\"cc4e4ca\" data-element_type=\"container\" data-e-type=\"container\">\n\t\t\t\t\t<div class=\"e-con-inner\">\n\t\t\t\t<div class=\"elementor-element elementor-element-81bbc16 elementor-widget elementor-widget-html\" data-id=\"81bbc16\" data-element_type=\"widget\" data-e-type=\"widget\" data-widget_type=\"html.default\">\n\t\t\t\t<div class=\"elementor-widget-container\">\n\t\t\t\t\t<link rel='preload' href='https:\/\/static.everyaction.com\/ea-actiontag\/at.js' as='script' crossorigin='anonymous'>\n\n<link rel='preload' href='https:\/\/static.everyaction.com\/ea-actiontag\/at.min.css' as='style'>\n\n<script type='text\/javascript' src='https:\/\/static.everyaction.com\/ea-actiontag\/at.js' crossorigin='anonymous'><\/script>\n\n<link rel='preload' href='https:\/\/nvlupin.blob.core.windows.net\/designs\/CustomStylesheet_42f8fde9bdde88563bd6dc5a17fea9c00fc03b6f96f71d8532e33fcb0a34f98e.css' as='style'>\n\n<div class=\"ngp-form\"\n\n     data-form-url=https:\/\/secure.everyaction.com\/v1\/Forms\/aVJJAf5bLk6m-c2-EHCnbQ2\n\n             data-custom-css='https:\/\/nvlupin.blob.core.windows.net\/designs\/CustomStylesheet_42f8fde9bdde88563bd6dc5a17fea9c00fc03b6f96f71d8532e33fcb0a34f98e.css'\n\n     data-fastaction-endpoint=https:\/\/fastaction.ngpvan.com\n\n     data-inline-errors=\"true\"\n\n     data-fastaction-nologin=\"true\"\n\n     data-databag-endpoint=https:\/\/profile.ngpvan.com\n\n     data-databag=\"everybody\"\n\n          data-mobile-autofocus=\"false\">\n\n<\/div>\t\t\t\t<\/div>\n\t\t\t\t<\/div>\n\t\t\t\t\t<\/div>\n\t\t\t\t<\/div>\n\t\t\t\t<\/div>\n\t\t","protected":false},"excerpt":{"rendered":"<p>\u00danase como Compa\u00f1ero Inicio Afiliarse Compa\u00f1ero<\/p>\n","protected":false},"author":1,"featured_media":0,"parent":22610,"menu_order":0,"comment_status":"closed","ping_status":"closed","template":"elementor_header_footer","meta":{"_acf_changed":false,"footnotes":""},"class_list":["post-22596","page","type-page","status-publish","hentry"],"acf":[],"_links":{"self":[{"href":"https:\/\/copalmn.org\/es\/wp-json\/wp\/v2\/pages\/22596","targetHints":{"allow":["GET"]}}],"collection":[{"href":"https:\/\/copalmn.org\/es\/wp-json\/wp\/v2\/pages"}],"about":[{"href":"https:\/\/copalmn.org\/es\/wp-json\/wp\/v2\/types\/page"}],"author":[{"embeddable":true,"href":"https:\/\/copalmn.org\/es\/wp-json\/wp\/v2\/users\/1"}],"replies":[{"embeddable":true,"href":"https:\/\/copalmn.org\/es\/wp-json\/wp\/v2\/comments?post=22596"}],"version-history":[{"count":14,"href":"https:\/\/copalmn.org\/es\/wp-json\/wp\/v2\/pages\/22596\/revisions"}],"predecessor-version":[{"id":23970,"href":"https:\/\/copalmn.org\/es\/wp-json\/wp\/v2\/pages\/22596\/revisions\/23970"}],"up":[{"embeddable":true,"href":"https:\/\/copalmn.org\/es\/wp-json\/wp\/v2\/pages\/22610"}],"wp:attachment":[{"href":"https:\/\/copalmn.org\/es\/wp-json\/wp\/v2\/media?parent=22596"}],"curies":[{"name":"wp","href":"https:\/\/api.w.org\/{rel}","templated":true}]}}