{"id":23820,"date":"2024-02-28T19:20:50","date_gmt":"2024-02-29T01:20:50","guid":{"rendered":"https:\/\/copalmn.org\/organizacion-y-liderazgo\/una-economia-para-minnesota\/"},"modified":"2024-03-07T14:05:31","modified_gmt":"2024-03-07T20:05:31","slug":"una-economia-para-minnesota","status":"publish","type":"page","link":"https:\/\/copalmn.org\/es\/organizacion-y-liderazgo\/una-economia-para-minnesota\/","title":{"rendered":"Una econom\u00eda para Minnesota"},"content":{"rendered":"\t\t<div data-elementor-type=\"wp-page\" data-elementor-id=\"23820\" class=\"elementor elementor-23820 elementor-23793\" data-elementor-post-type=\"page\">\n\t\t\t\t\t\t<section class=\"elementor-section elementor-top-section elementor-element elementor-element-5368e7c elementor-section-boxed elementor-section-height-default elementor-section-height-default\" data-id=\"5368e7c\" data-element_type=\"section\" data-e-type=\"section\" data-settings=\"{&quot;background_background&quot;:&quot;classic&quot;}\">\n\t\t\t\t\t\t\t<div class=\"elementor-background-overlay\"><\/div>\n\t\t\t\t\t\t\t<div class=\"elementor-container elementor-column-gap-no\">\n\t\t\t\t\t<div class=\"elementor-column elementor-col-100 elementor-top-column elementor-element elementor-element-4dc72d2\" data-id=\"4dc72d2\" data-element_type=\"column\" data-e-type=\"column\">\n\t\t\t<div class=\"elementor-widget-wrap elementor-element-populated\">\n\t\t\t\t\t\t<div class=\"elementor-element elementor-element-fd8c8fc elementor-widget elementor-widget-heading\" data-id=\"fd8c8fc\" data-element_type=\"widget\" data-e-type=\"widget\" data-widget_type=\"heading.default\">\n\t\t\t\t<div class=\"elementor-widget-container\">\n\t\t\t\t\t<h1 class=\"elementor-heading-title elementor-size-default\">Una econom\u00eda para Minnesota  <\/h1>\t\t\t\t<\/div>\n\t\t\t\t<\/div>\n\t\t\t\t<div class=\"elementor-element elementor-element-cce65af elementor-icon-list--layout-inline elementor-align-end elementor-widget__width-auto elementor-mobile-align-center elementor-hidden-mobile elementor-list-item-link-full_width elementor-widget elementor-widget-icon-list\" data-id=\"cce65af\" data-element_type=\"widget\" data-e-type=\"widget\" data-widget_type=\"icon-list.default\">\n\t\t\t\t<div class=\"elementor-widget-container\">\n\t\t\t\t\t\t\t<ul class=\"elementor-icon-list-items elementor-inline-items\">\n\t\t\t\t\t\t\t<li class=\"elementor-icon-list-item elementor-inline-item\">\n\t\t\t\t\t\t\t\t\t\t\t<a href=\"https:\/\/copalmn.org\/es\/\">\n\n\t\t\t\t\t\t\t\t\t\t\t\t<span class=\"elementor-icon-list-icon\">\n\t\t\t\t\t\t\t<i aria-hidden=\"true\" class=\"icon icon-right-arrow1\"><\/i>\t\t\t\t\t\t<\/span>\n\t\t\t\t\t\t\t\t\t\t<span class=\"elementor-icon-list-text\">Inicio  <\/span>\n\t\t\t\t\t\t\t\t\t\t\t<\/a>\n\t\t\t\t\t\t\t\t\t<\/li>\n\t\t\t\t\t\t\t\t<li class=\"elementor-icon-list-item elementor-inline-item\">\n\t\t\t\t\t\t\t\t\t\t\t<span class=\"elementor-icon-list-icon\">\n\t\t\t\t\t\t\t<i aria-hidden=\"true\" class=\"icon icon-right-arrow1\"><\/i>\t\t\t\t\t\t<\/span>\n\t\t\t\t\t\t\t\t\t\t<span class=\"elementor-icon-list-text\">\u00c1reas de inter\u00e9s<\/span>\n\t\t\t\t\t\t\t\t\t<\/li>\n\t\t\t\t\t\t\t\t<li class=\"elementor-icon-list-item elementor-inline-item\">\n\t\t\t\t\t\t\t\t\t\t\t<a href=\"https:\/\/copalmn.org\/es\/organizacion-y-liderazgo\/\">\n\n\t\t\t\t\t\t\t\t\t\t\t\t<span class=\"elementor-icon-list-icon\">\n\t\t\t\t\t\t\t<i aria-hidden=\"true\" class=\"icon icon-right-arrow1\"><\/i>\t\t\t\t\t\t<\/span>\n\t\t\t\t\t\t\t\t\t\t<span class=\"elementor-icon-list-text\">Organizaci\u00f3n y liderazgo<\/span>\n\t\t\t\t\t\t\t\t\t\t\t<\/a>\n\t\t\t\t\t\t\t\t\t<\/li>\n\t\t\t\t\t\t<\/ul>\n\t\t\t\t\t\t<\/div>\n\t\t\t\t<\/div>\n\t\t\t\t\t<\/div>\n\t\t<\/div>\n\t\t\t\t\t<\/div>\n\t\t<\/section>\n\t\t\t\t<section class=\"elementor-section elementor-top-section elementor-element elementor-element-5573c80 elementor-section-boxed elementor-section-height-default elementor-section-height-default\" data-id=\"5573c80\" data-element_type=\"section\" data-e-type=\"section\" data-settings=\"{&quot;background_background&quot;:&quot;classic&quot;}\">\n\t\t\t\t\t\t<div class=\"elementor-container elementor-column-gap-no\">\n\t\t\t\t\t<div class=\"elementor-column elementor-col-50 elementor-top-column elementor-element elementor-element-c4ef9d1\" data-id=\"c4ef9d1\" data-element_type=\"column\" data-e-type=\"column\">\n\t\t\t<div class=\"elementor-widget-wrap elementor-element-populated\">\n\t\t\t\t\t\t<div class=\"elementor-element elementor-element-e47da4e elementor-widget elementor-widget-image\" data-id=\"e47da4e\" data-element_type=\"widget\" data-e-type=\"widget\" data-widget_type=\"image.default\">\n\t\t\t\t<div class=\"elementor-widget-container\">\n\t\t\t\t\t\t\t\t\t\t\t\t\t\t\t<img fetchpriority=\"high\" decoding=\"async\" width=\"546\" height=\"666\" src=\"https:\/\/copalmn.org\/wp-content\/uploads\/2024\/02\/img-49.jpg\" class=\"attachment-large size-large wp-image-23801\" alt=\"Photo of a seminar\" srcset=\"https:\/\/copalmn.org\/wp-content\/uploads\/2024\/02\/img-49.jpg 546w, https:\/\/copalmn.org\/wp-content\/uploads\/2024\/02\/img-49-246x300.jpg 246w\" sizes=\"(max-width: 546px) 100vw, 546px\" \/>\t\t\t\t\t\t\t\t\t\t\t\t\t\t\t<\/div>\n\t\t\t\t<\/div>\n\t\t\t\t<div class=\"elementor-element elementor-element-3108e02 elementor-widget__width-auto elementor-absolute elementor-hidden-tablet_extra elementor-hidden-tablet elementor-hidden-mobile_extra elementor-hidden-mobile elementor-widget elementor-widget-image\" data-id=\"3108e02\" data-element_type=\"widget\" data-e-type=\"widget\" data-settings=\"{&quot;_position&quot;:&quot;absolute&quot;}\" data-widget_type=\"image.default\">\n\t\t\t\t<div class=\"elementor-widget-container\">\n\t\t\t\t\t\t\t\t\t\t\t\t\t\t\t<img decoding=\"async\" src=\"https:\/\/copalmn.org\/wp-content\/uploads\/2023\/08\/dots.png\" title=\"\" alt=\"\" class=\"elementor-animation-grow-rotate\" loading=\"lazy\" \/>\t\t\t\t\t\t\t\t\t\t\t\t\t\t\t<\/div>\n\t\t\t\t<\/div>\n\t\t\t\t\t<\/div>\n\t\t<\/div>\n\t\t\t\t<div class=\"elementor-column elementor-col-50 elementor-top-column elementor-element elementor-element-7af95d5\" data-id=\"7af95d5\" data-element_type=\"column\" data-e-type=\"column\">\n\t\t\t<div class=\"elementor-widget-wrap elementor-element-populated\">\n\t\t\t\t\t\t<div class=\"elementor-element elementor-element-dd01ef2 elementor-widget__width-auto elementor-widget elementor-widget-image\" data-id=\"dd01ef2\" data-element_type=\"widget\" data-e-type=\"widget\" data-widget_type=\"image.default\">\n\t\t\t\t<div class=\"elementor-widget-container\">\n\t\t\t\t\t\t\t\t\t\t\t\t\t\t\t<img decoding=\"async\" src=\"https:\/\/copalmn.org\/wp-content\/uploads\/2023\/12\/icon-small-6.png\" title=\"\" alt=\"\" loading=\"lazy\" \/>\t\t\t\t\t\t\t\t\t\t\t\t\t\t\t<\/div>\n\t\t\t\t<\/div>\n\t\t\t\t<div class=\"elementor-element elementor-element-fb9536b elementor-widget__width-auto elementor-widget elementor-widget-heading\" data-id=\"fb9536b\" data-element_type=\"widget\" data-e-type=\"widget\" data-widget_type=\"heading.default\">\n\t\t\t\t<div class=\"elementor-widget-container\">\n\t\t\t\t\t<h2 class=\"elementor-heading-title elementor-size-default\">COPAL<\/h2>\t\t\t\t<\/div>\n\t\t\t\t<\/div>\n\t\t\t\t<div class=\"elementor-element elementor-element-51fd34e elementor-widget elementor-widget-heading\" data-id=\"51fd34e\" data-element_type=\"widget\" data-e-type=\"widget\" data-widget_type=\"heading.default\">\n\t\t\t\t<div class=\"elementor-widget-container\">\n\t\t\t\t\t<h3 class=\"elementor-heading-title elementor-size-default\">Una campa\u00f1a para crear una econom\u00eda m\u00e1s justa e inclusiva para los titulares de un ITIN.<\/h3>\t\t\t\t<\/div>\n\t\t\t\t<\/div>\n\t\t\t\t<div class=\"elementor-element elementor-element-1302457 elementor-widget elementor-widget-text-editor\" data-id=\"1302457\" data-element_type=\"widget\" data-e-type=\"widget\" data-widget_type=\"text-editor.default\">\n\t\t\t\t<div class=\"elementor-widget-container\">\n\t\t\t\t\t\t\t\t\t<p>So\u00f1amos con una Minnesota en la que los titulares de un ITIN puedan participar en pie de igualdad en la econom\u00eda estatal, lo que se traducir\u00e1 en comunidades m\u00e1s sanas, seguras y estables para todos los que llaman a este lugar su hogar. La Coalici\u00f3n Vida Digna, compuesta por COPAL MN, HACER y LatinoLEAD, tiene como objetivo promover pol\u00edticas y acciones encaminadas a mejorar la calidad de vida de todas las personas, independientemente de su estatus migratorio. Aboga fervientemente por la inclusi\u00f3n y el acceso equitativo a servicios esenciales y oportunidades econ\u00f3micas para todos.<\/p>\n<p>La campa\u00f1a abogar\u00e1 activamente por la inclusi\u00f3n de los titulares de ITIN tanto en el sector privado como en el municipal. Al demostrar los resultados positivos universales de ampliar el acceso de los titulares de un ITIN a nivel local, la campa\u00f1a pretende inspirar y provocar una reforma pol\u00edtica a nivel estatal que garantice la igualdad de acceso y oportunidades para todos.<\/p>\n\t\t\t\t\t\t\t\t<\/div>\n\t\t\t\t<\/div>\n\t\t\t\t\t<\/div>\n\t\t<\/div>\n\t\t\t\t\t<\/div>\n\t\t<\/section>\n\t\t<div class=\"elementor-element elementor-element-f979208 e-flex e-con-boxed e-con e-parent\" data-id=\"f979208\" data-element_type=\"container\" data-e-type=\"container\">\n\t\t\t\t\t<div class=\"e-con-inner\">\n\t\t\t\t<div class=\"elementor-element elementor-element-778a77a elementor-pagination-position-inside elementor-skin-carousel elementor-pagination-type-bullets elementor-widget elementor-widget-media-carousel\" data-id=\"778a77a\" data-element_type=\"widget\" data-e-type=\"widget\" data-settings=\"{&quot;slides_per_view&quot;:&quot;3&quot;,&quot;slides_per_view_mobile&quot;:&quot;2&quot;,&quot;space_between&quot;:{&quot;unit&quot;:&quot;px&quot;,&quot;size&quot;:50,&quot;sizes&quot;:[]},&quot;skin&quot;:&quot;carousel&quot;,&quot;effect&quot;:&quot;slide&quot;,&quot;pagination&quot;:&quot;bullets&quot;,&quot;speed&quot;:500,&quot;autoplay&quot;:&quot;yes&quot;,&quot;autoplay_speed&quot;:5000,&quot;loop&quot;:&quot;yes&quot;,&quot;pause_on_hover&quot;:&quot;yes&quot;,&quot;pause_on_interaction&quot;:&quot;yes&quot;,&quot;space_between_laptop&quot;:{&quot;unit&quot;:&quot;px&quot;,&quot;size&quot;:10,&quot;sizes&quot;:[]},&quot;space_between_tablet_extra&quot;:{&quot;unit&quot;:&quot;px&quot;,&quot;size&quot;:10,&quot;sizes&quot;:[]},&quot;space_between_tablet&quot;:{&quot;unit&quot;:&quot;px&quot;,&quot;size&quot;:10,&quot;sizes&quot;:[]},&quot;space_between_mobile_extra&quot;:{&quot;unit&quot;:&quot;px&quot;,&quot;size&quot;:10,&quot;sizes&quot;:[]},&quot;space_between_mobile&quot;:{&quot;unit&quot;:&quot;px&quot;,&quot;size&quot;:10,&quot;sizes&quot;:[]}}\" data-widget_type=\"media-carousel.default\">\n\t\t\t\t<div class=\"elementor-widget-container\">\n\t\t\t\t\t\t\t\t\t<div class=\"elementor-swiper\">\n\t\t\t\t\t<div class=\"elementor-main-swiper swiper\" role=\"region\" aria-roledescription=\"carousel\" aria-label=\"Diapositivas\">\n\t\t\t\t<div class=\"swiper-wrapper\">\n\t\t\t\t\t\t\t\t\t\t\t<div class=\"swiper-slide\" role=\"group\" aria-roledescription=\"slide\">\n\t\t\t\t\t\t\t\t\t<div class=\"elementor-carousel-image\" role=\"img\" aria-label=\"Logo Equity in Place\" style=\"background-image: url(&#039;https:\/\/copalmn.org\/wp-content\/uploads\/2024\/03\/Equity-in-Place-1.jpg&#039;)\">\n\n\t\t\t\n\t\t\t\t\t<\/div>\n\t\t\t\t\t\t\t\t<\/div>\n\t\t\t\t\t\t\t\t\t\t\t<div class=\"swiper-slide\" role=\"group\" aria-roledescription=\"slide\">\n\t\t\t\t\t\t\t\t\t<div class=\"elementor-carousel-image\" role=\"img\" aria-label=\"Logo Hacer\" style=\"background-image: url(&#039;https:\/\/copalmn.org\/wp-content\/uploads\/2024\/03\/Hacer-1.jpg&#039;)\">\n\n\t\t\t\n\t\t\t\t\t<\/div>\n\t\t\t\t\t\t\t\t<\/div>\n\t\t\t\t\t\t\t\t\t\t\t<div class=\"swiper-slide\" role=\"group\" aria-roledescription=\"slide\">\n\t\t\t\t\t\t\t\t\t<div class=\"elementor-carousel-image\" role=\"img\" aria-label=\"Logo Latino Lead\" style=\"background-image: url(&#039;https:\/\/copalmn.org\/wp-content\/uploads\/2024\/03\/Latino-Lead-1.jpg&#039;)\">\n\n\t\t\t\n\t\t\t\t\t<\/div>\n\t\t\t\t\t\t\t\t<\/div>\n\t\t\t\t\t\t\t\t\t\t\t<div class=\"swiper-slide\" role=\"group\" aria-roledescription=\"slide\">\n\t\t\t\t\t\t\t\t\t<div class=\"elementor-carousel-image\" role=\"img\" aria-label=\"Logo Region 9\" style=\"background-image: url(&#039;https:\/\/copalmn.org\/wp-content\/uploads\/2024\/03\/Region-9.jpg&#039;)\">\n\n\t\t\t\n\t\t\t\t\t<\/div>\n\t\t\t\t\t\t\t\t<\/div>\n\t\t\t\t\t\t\t\t\t<\/div>\n\t\t\t\t\t\t\t\t\t\t\t\t\t\t\t\t\t\t\t\t<div class=\"swiper-pagination\"><\/div>\n\t\t\t\t\t\t\t\t\t\t\t\t<\/div>\n\t\t\t\t<\/div>\n\t\t\t\t\t\t\t\t<\/div>\n\t\t\t\t<\/div>\n\t\t\t\t\t<\/div>\n\t\t\t\t<\/div>\n\t\t\t\t<section class=\"elementor-section elementor-top-section elementor-element elementor-element-0e4e89c elementor-section-boxed elementor-section-height-default elementor-section-height-default\" data-id=\"0e4e89c\" data-element_type=\"section\" data-e-type=\"section\">\n\t\t\t\t\t\t<div class=\"elementor-container elementor-column-gap-no\">\n\t\t\t\t\t<div class=\"elementor-column elementor-col-100 elementor-top-column elementor-element elementor-element-cf9a91a\" data-id=\"cf9a91a\" data-element_type=\"column\" data-e-type=\"column\" data-settings=\"{&quot;background_background&quot;:&quot;classic&quot;}\">\n\t\t\t<div class=\"elementor-widget-wrap elementor-element-populated\">\n\t\t\t\t\t\t<section class=\"elementor-section elementor-inner-section elementor-element elementor-element-318965e elementor-section-boxed elementor-section-height-default elementor-section-height-default\" data-id=\"318965e\" data-element_type=\"section\" data-e-type=\"section\">\n\t\t\t\t\t\t<div class=\"elementor-container elementor-column-gap-no\">\n\t\t\t\t\t<div class=\"elementor-column elementor-col-100 elementor-inner-column elementor-element elementor-element-b8d25c8\" data-id=\"b8d25c8\" data-element_type=\"column\" data-e-type=\"column\">\n\t\t\t<div class=\"elementor-widget-wrap elementor-element-populated\">\n\t\t\t\t\t\t<div class=\"elementor-element elementor-element-51df8f2 elementor-widget elementor-widget-heading\" data-id=\"51df8f2\" data-element_type=\"widget\" data-e-type=\"widget\" data-widget_type=\"heading.default\">\n\t\t\t\t<div class=\"elementor-widget-container\">\n\t\t\t\t\t<h4 class=\"elementor-heading-title elementor-size-default\">preguntas m\u00e1s frecuentes<\/h4>\t\t\t\t<\/div>\n\t\t\t\t<\/div>\n\t\t\t\t<div class=\"elementor-element elementor-element-0e343f6 animated-slow elementor-invisible elementor-widget elementor-widget-n-accordion\" data-id=\"0e343f6\" data-element_type=\"widget\" data-e-type=\"widget\" data-settings=\"{&quot;default_state&quot;:&quot;all_collapsed&quot;,&quot;max_items_expended&quot;:&quot;multiple&quot;,&quot;_animation&quot;:&quot;fadeInUp&quot;,&quot;n_accordion_animation_duration&quot;:{&quot;unit&quot;:&quot;ms&quot;,&quot;size&quot;:400,&quot;sizes&quot;:[]}}\" data-widget_type=\"nested-accordion.default\">\n\t\t\t\t<div class=\"elementor-widget-container\">\n\t\t\t\t\t\t\t<div class=\"e-n-accordion\" aria-label=\"Accordion. Open links with Enter or Space, close with Escape, and navigate with Arrow Keys\">\n\t\t\t\t\t\t<details id=\"e-n-accordion-item-1480\" class=\"e-n-accordion-item\" >\n\t\t\t\t<summary class=\"e-n-accordion-item-title\" data-accordion-index=\"1\" tabindex=\"0\" aria-expanded=\"false\" aria-controls=\"e-n-accordion-item-1480\" >\n\t\t\t\t\t<span class='e-n-accordion-item-title-header'><div class=\"e-n-accordion-item-title-text\"> \u00bfQu\u00e9 es un ITIN?   <\/div><\/span>\n\t\t\t\t\t\t\t<span class='e-n-accordion-item-title-icon'>\n\t\t\t<span class='e-opened' ><i aria-hidden=\"true\" class=\"fas fa-minus\"><\/i><\/span>\n\t\t\t<span class='e-closed'><i aria-hidden=\"true\" class=\"fas fa-plus\"><\/i><\/span>\n\t\t<\/span>\n\n\t\t\t\t\t\t<\/summary>\n\t\t\t\t<div role=\"region\" aria-labelledby=\"e-n-accordion-item-1480\" class=\"elementor-element elementor-element-42ff723 e-con-full e-flex e-con e-child\" data-id=\"42ff723\" data-element_type=\"container\" data-e-type=\"container\">\n\t\t\t\t<div class=\"elementor-element elementor-element-01fd589 elementor-widget elementor-widget-text-editor\" data-id=\"01fd589\" data-element_type=\"widget\" data-e-type=\"widget\" data-widget_type=\"text-editor.default\">\n\t\t\t\t<div class=\"elementor-widget-container\">\n\t\t\t\t\t\t\t\t\t<ul>\n<li style=\"font-weight: 400;\" aria-level=\"1\">ITIN son las siglas de Individual Taxpayer Identification Number (N\u00famero de Identificaci\u00f3n Personal del Contribuyente)  <\/li>\n<li style=\"font-weight: 400;\" aria-level=\"1\">El ITIN se expide independientemente de la situaci\u00f3n migratoria<\/li>\n<li style=\"font-weight: 400;\" aria-level=\"1\">El IRS cre\u00f3 el ITIN para asegurarse de poder recaudar las contribuciones fiscales de todas las personas f\u00edsicas residentes en Estados Unidos.<\/li>\n<\/ul>\n\t\t\t\t\t\t\t\t<\/div>\n\t\t\t\t<\/div>\n\t\t\t\t<\/div>\n\t\t\t\t\t<\/details>\n\t\t\t\t\t\t<details id=\"e-n-accordion-item-1481\" class=\"e-n-accordion-item\" >\n\t\t\t\t<summary class=\"e-n-accordion-item-title\" data-accordion-index=\"2\" tabindex=\"-1\" aria-expanded=\"false\" aria-controls=\"e-n-accordion-item-1481\" >\n\t\t\t\t\t<span class='e-n-accordion-item-title-header'><div class=\"e-n-accordion-item-title-text\"> \u00bfCu\u00e1l es el panorama del ITIN en Minnesota?   <\/div><\/span>\n\t\t\t\t\t\t\t<span class='e-n-accordion-item-title-icon'>\n\t\t\t<span class='e-opened' ><i aria-hidden=\"true\" class=\"fas fa-minus\"><\/i><\/span>\n\t\t\t<span class='e-closed'><i aria-hidden=\"true\" class=\"fas fa-plus\"><\/i><\/span>\n\t\t<\/span>\n\n\t\t\t\t\t\t<\/summary>\n\t\t\t\t<div role=\"region\" aria-labelledby=\"e-n-accordion-item-1481\" class=\"elementor-element elementor-element-6617764 e-con-full e-flex e-con e-child\" data-id=\"6617764\" data-element_type=\"container\" data-e-type=\"container\">\n\t\t\t\t<div class=\"elementor-element elementor-element-6992f21 elementor-widget elementor-widget-text-editor\" data-id=\"6992f21\" data-element_type=\"widget\" data-e-type=\"widget\" data-widget_type=\"text-editor.default\">\n\t\t\t\t<div class=\"elementor-widget-container\">\n\t\t\t\t\t\t\t\t\t<p><strong>Entre los 81.000 inmigrantes indocumentados de Minnesota:<\/strong> <\/p>\n<ul>\n<li>21.000 tienen un ITIN<\/li>\n<li>3.300 son propietarios de viviendas con ITIN<\/li>\n<\/ul>\n<p><strong>Muchas empresas de Minnesota no reconocen el ITIN como identificaci\u00f3n v\u00e1lida del contribuyente, lo que limita el acceso al mismo:<\/strong><\/p>\n<ul>\n<li>Garantizar los contratos de alquiler  <\/li>\n<li>Alta en los servicios p\u00fablicos  <\/li>\n<li>Apertura y mantenimiento de cuentas bancarias<\/li>\n<\/ul>\n<p><strong>Esta falta de acceso se traduce adem\u00e1s en:<\/strong><\/p>\n<ul>\n<li>Mayor probabilidad de que los titulares de un ITIN sean v\u00edctimas de robo de salario y otras discriminaciones financieras.  <\/li>\n<li>Los titulares de un ITIN se ven obligados a utilizar el n\u00famero de la Seguridad Social (SSN) de sus hijos, lo que puede causar da\u00f1os econ\u00f3micos generacionales.  <\/li>\n<li>Inestabilidad sanitaria, de vivienda y financiera que afecta a comunidades enteras.<\/li>\n<\/ul>\n\t\t\t\t\t\t\t\t<\/div>\n\t\t\t\t<\/div>\n\t\t\t\t<\/div>\n\t\t\t\t\t<\/details>\n\t\t\t\t\t\t<details id=\"e-n-accordion-item-1482\" class=\"e-n-accordion-item\" >\n\t\t\t\t<summary class=\"e-n-accordion-item-title\" data-accordion-index=\"3\" tabindex=\"-1\" aria-expanded=\"false\" aria-controls=\"e-n-accordion-item-1482\" >\n\t\t\t\t\t<span class='e-n-accordion-item-title-header'><div class=\"e-n-accordion-item-title-text\"> \u00bfPor qu\u00e9 ahora? <\/div><\/span>\n\t\t\t\t\t\t\t<span class='e-n-accordion-item-title-icon'>\n\t\t\t<span class='e-opened' ><i aria-hidden=\"true\" class=\"fas fa-minus\"><\/i><\/span>\n\t\t\t<span class='e-closed'><i aria-hidden=\"true\" class=\"fas fa-plus\"><\/i><\/span>\n\t\t<\/span>\n\n\t\t\t\t\t\t<\/summary>\n\t\t\t\t<div role=\"region\" aria-labelledby=\"e-n-accordion-item-1482\" class=\"elementor-element elementor-element-032aac1 e-con-full e-flex e-con e-child\" data-id=\"032aac1\" data-element_type=\"container\" data-e-type=\"container\">\n\t\t\t\t<div class=\"elementor-element elementor-element-761b283 elementor-widget elementor-widget-text-editor\" data-id=\"761b283\" data-element_type=\"widget\" data-e-type=\"widget\" data-widget_type=\"text-editor.default\">\n\t\t\t\t<div class=\"elementor-widget-container\">\n\t\t\t\t\t\t\t\t\t<p>En los \u00faltimos a\u00f1os, se han logrado avances significativos en la inclusi\u00f3n de los titulares de ITIN y otras personas indocumentadas en Minnesota, con notables victorias pol\u00edticas, tales como:<\/p>\n<ul>\n<li>En 2022, la paga a los trabajadores de primera l\u00ednea ampli\u00f3 las prestaciones a los titulares de un ITIN  <\/li>\n<li>En 2023, la clasificaci\u00f3n Homestead se abri\u00f3 a los titulares de un ITIN, lo que afect\u00f3 aproximadamente a 1 900 personas.  <\/li>\n<li>En 2023 se promulg\u00f3 la pol\u00edtica de permisos de conducir para todos.<\/li>\n<\/ul>\n<p>L\u00edderes, miembros de la comunidad, organizaciones y legisladores han logrado avances significativos en \u00e1reas como el Cr\u00e9dito Fiscal por Hijos y el Cr\u00e9dito Fiscal para Familias Trabajadoras.<\/p>\n<p>Dado este impulso, creemos firmemente que el mejor momento para avanzar en la inclusi\u00f3n del ITIN y maximizar nuestro impacto es AHORA.<\/p>\n\t\t\t\t\t\t\t\t<\/div>\n\t\t\t\t<\/div>\n\t\t\t\t<\/div>\n\t\t\t\t\t<\/details>\n\t\t\t\t\t\t<details id=\"e-n-accordion-item-1483\" class=\"e-n-accordion-item\" >\n\t\t\t\t<summary class=\"e-n-accordion-item-title\" data-accordion-index=\"4\" tabindex=\"-1\" aria-expanded=\"false\" aria-controls=\"e-n-accordion-item-1483\" >\n\t\t\t\t\t<span class='e-n-accordion-item-title-header'><div class=\"e-n-accordion-item-title-text\"> \u00bfC\u00f3mo puedo ayudar? <\/div><\/span>\n\t\t\t\t\t\t\t<span class='e-n-accordion-item-title-icon'>\n\t\t\t<span class='e-opened' ><i aria-hidden=\"true\" class=\"fas fa-minus\"><\/i><\/span>\n\t\t\t<span class='e-closed'><i aria-hidden=\"true\" class=\"fas fa-plus\"><\/i><\/span>\n\t\t<\/span>\n\n\t\t\t\t\t\t<\/summary>\n\t\t\t\t<div role=\"region\" aria-labelledby=\"e-n-accordion-item-1483\" class=\"elementor-element elementor-element-77b65e0 e-con-full e-flex e-con e-child\" data-id=\"77b65e0\" data-element_type=\"container\" data-e-type=\"container\">\n\t\t\t\t<div class=\"elementor-element elementor-element-fe03506 elementor-widget elementor-widget-button\" data-id=\"fe03506\" data-element_type=\"widget\" data-e-type=\"widget\" data-widget_type=\"button.default\">\n\t\t\t\t<div class=\"elementor-widget-container\">\n\t\t\t\t\t\t\t\t\t<div class=\"elementor-button-wrapper\">\n\t\t\t\t\t<a class=\"elementor-button elementor-button-link elementor-size-sm\" href=\"https:\/\/secure.everyaction.com\/c3WHSDlgI0aXaM9MdAd0ug2\">\n\t\t\t\t\t\t<span class=\"elementor-button-content-wrapper\">\n\t\t\t\t\t\t\t\t\t<span class=\"elementor-button-text\">Firme la petici\u00f3n aqu\u00ed<\/span>\n\t\t\t\t\t<\/span>\n\t\t\t\t\t<\/a>\n\t\t\t\t<\/div>\n\t\t\t\t\t\t\t\t<\/div>\n\t\t\t\t<\/div>\n\t\t\t\t<div class=\"elementor-element elementor-element-99ab633 elementor-widget elementor-widget-text-editor\" data-id=\"99ab633\" data-element_type=\"widget\" data-e-type=\"widget\" data-widget_type=\"text-editor.default\">\n\t\t\t\t<div class=\"elementor-widget-container\">\n\t\t\t\t\t\t\t\t\t<p>O escanee el c\u00f3digo QR para firmar la petici\u00f3n<\/p>\n\t\t\t\t\t\t\t\t<\/div>\n\t\t\t\t<\/div>\n\t\t\t\t<div class=\"elementor-element elementor-element-303a6f2 elementor-widget elementor-widget-image\" data-id=\"303a6f2\" data-element_type=\"widget\" data-e-type=\"widget\" data-widget_type=\"image.default\">\n\t\t\t\t<div class=\"elementor-widget-container\">\n\t\t\t\t\t\t\t\t\t\t\t\t\t\t\t<img decoding=\"async\" width=\"300\" height=\"298\" src=\"https:\/\/copalmn.org\/wp-content\/uploads\/2024\/02\/QR-One-Economy-for-Minnesota-300x298.jpg\" class=\"attachment-medium size-medium wp-image-23816\" alt=\"\" srcset=\"https:\/\/copalmn.org\/wp-content\/uploads\/2024\/02\/QR-One-Economy-for-Minnesota-300x298.jpg 300w, https:\/\/copalmn.org\/wp-content\/uploads\/2024\/02\/QR-One-Economy-for-Minnesota-150x150.jpg 150w, https:\/\/copalmn.org\/wp-content\/uploads\/2024\/02\/QR-One-Economy-for-Minnesota.jpg 330w\" sizes=\"(max-width: 300px) 100vw, 300px\" \/>\t\t\t\t\t\t\t\t\t\t\t\t\t\t\t<\/div>\n\t\t\t\t<\/div>\n\t\t\t\t<\/div>\n\t\t\t\t\t<\/details>\n\t\t\t\t\t<\/div>\n\t\t\t\t\t\t<\/div>\n\t\t\t\t<\/div>\n\t\t\t\t\t<\/div>\n\t\t<\/div>\n\t\t\t\t\t<\/div>\n\t\t<\/section>\n\t\t\t\t\t<\/div>\n\t\t<\/div>\n\t\t\t\t\t<\/div>\n\t\t<\/section>\n\t\t\t\t<\/div>\n\t\t","protected":false},"excerpt":{"rendered":"<p>Una econom\u00eda para Minnesota Inicio \u00c1reas de inter\u00e9s Organizaci\u00f3n y liderazgo COPAL Una campa\u00f1a para crear una econom\u00eda m\u00e1s justa e inclusiva para los titulares de un ITIN. So\u00f1amos con una Minnesota en la que los titulares de un ITIN puedan participar en pie de igualdad en la econom\u00eda estatal, lo que se traducir\u00e1 en [&hellip;]<\/p>\n","protected":false},"author":1,"featured_media":0,"parent":22584,"menu_order":0,"comment_status":"closed","ping_status":"closed","template":"elementor_header_footer","meta":{"_acf_changed":false,"footnotes":""},"class_list":["post-23820","page","type-page","status-publish","hentry"],"acf":[],"_links":{"self":[{"href":"https:\/\/copalmn.org\/es\/wp-json\/wp\/v2\/pages\/23820","targetHints":{"allow":["GET"]}}],"collection":[{"href":"https:\/\/copalmn.org\/es\/wp-json\/wp\/v2\/pages"}],"about":[{"href":"https:\/\/copalmn.org\/es\/wp-json\/wp\/v2\/types\/page"}],"author":[{"embeddable":true,"href":"https:\/\/copalmn.org\/es\/wp-json\/wp\/v2\/users\/1"}],"replies":[{"embeddable":true,"href":"https:\/\/copalmn.org\/es\/wp-json\/wp\/v2\/comments?post=23820"}],"version-history":[{"count":3,"href":"https:\/\/copalmn.org\/es\/wp-json\/wp\/v2\/pages\/23820\/revisions"}],"predecessor-version":[{"id":23872,"href":"https:\/\/copalmn.org\/es\/wp-json\/wp\/v2\/pages\/23820\/revisions\/23872"}],"up":[{"embeddable":true,"href":"https:\/\/copalmn.org\/es\/wp-json\/wp\/v2\/pages\/22584"}],"wp:attachment":[{"href":"https:\/\/copalmn.org\/es\/wp-json\/wp\/v2\/media?parent=23820"}],"curies":[{"name":"wp","href":"https:\/\/api.w.org\/{rel}","templated":true}]}}